{"id":62,"date":"2019-11-09T18:13:03","date_gmt":"2019-11-09T17:13:03","guid":{"rendered":"http:\/\/27dpak.pl\/?page_id=62"},"modified":"2021-11-04T11:11:21","modified_gmt":"2021-11-04T10:11:21","slug":"marsz-27-wdp-ak","status":"publish","type":"page","link":"https:\/\/27dpak.pl\/index.php\/marsz-27-wdp-ak\/","title":{"rendered":"Marsz 27 WDP AK"},"content":{"rendered":"\n<p><\/p>\n\n\n\n<p class=\"has-text-align-center\" style=\"font-size:25px\"><em><span style=\"color:#000000\" class=\"tadv-color\">Gdy Armia Krajowa wyda\u0142a rozkaz<br> Bro\u0144 kraju z\u00a0ca\u0142ych si\u0142.<br> Do walki z\u00a0wrogiem kresowy lud powsta\u0142<br> Z polskich miast i\u00a0wsi<br> Dwudziesta si\u00f3dma Wo\u0142y\u0144ska Dywizja<br> W obronie ojczystych stron<br> Stan\u0119\u0142a \u2013 bo od wiek\u00f3w na tej ziemi<br> Istnia\u0142 polski Dom (\u2026)<br> Dywizjo !\u00a0Twojej s\u0142awetnej Viktorii<br> \u017baden wr\u00f3g nie przekre\u015bli,<br> Ona po wieki trwa\u0107 b\u0119dzie w\u00a0historii,<br> Legendzie \u2013 pie\u015bni.<\/span><\/em><\/p>\n","protected":false},"excerpt":{"rendered":"<p>Gdy Armia Krajowa wyda\u0142a rozkaz Bro\u0144 kraju z\u00a0ca\u0142ych si\u0142. Do walki z\u00a0wrogiem kresowy lud powsta\u0142 Z polskich miast i\u00a0wsi Dwudziesta si\u00f3dma Wo\u0142y\u0144ska Dywizja W obronie ojczystych stron Stan\u0119\u0142a \u2013 bo od wiek\u00f3w na tej ziemi Istnia\u0142 polski Dom (\u2026) Dywizjo !\u00a0Twojej s\u0142awetnej Viktorii \u017baden wr\u00f3g nie przekre\u015bli, Ona po wieki trwa\u0107 b\u0119dzie w\u00a0historii, Legendzie \u2013&hellip;&nbsp;<a href=\"https:\/\/27dpak.pl\/index.php\/marsz-27-wdp-ak\/\" rel=\"bookmark\"><span class=\"screen-reader-text\">Marsz 27 WDP AK<\/span><\/a><\/p>\n","protected":false},"author":1,"featured_media":0,"parent":0,"menu_order":0,"comment_status":"closed","ping_status":"closed","template":"","meta":{"neve_meta_sidebar":"","neve_meta_container":"","neve_meta_enable_content_width":"","neve_meta_content_width":0,"neve_meta_title_alignment":"","neve_meta_author_avatar":"","neve_post_elements_order":"","neve_meta_disable_header":"","neve_meta_disable_footer":"","neve_meta_disable_title":"","footnotes":""},"class_list":["post-62","page","type-page","status-publish","hentry"],"yoast_head":"<!-- This site is optimized with the Yoast SEO plugin v26.8 - https:\/\/yoast.com\/product\/yoast-seo-wordpress\/ -->\n<title>Marsz 27 WDP AK - \u015arodowisko \u017bo\u0142nierzy 27 WDP AK w Hrubieszowie<\/title>\n<meta name=\"description\" content=\"27AK, 27wdpak, 27dpak, Wo\u0142y\u0144, Gra\u017cyna Mirska, Hrubiesz\u00f3w, \u015aZ\u017b AK Okr\u0119g Wo\u0142ynski, \u015arodowisko \u017bo\u0142nierzy, 27 WDP AK w Hrubieszowie, \u015aZ\u017b AK Okr\u0119g Wo\u0142y\u0144ski, AK\" \/>\n<meta name=\"robots\" content=\"index, follow, max-snippet:-1, max-image-preview:large, max-video-preview:-1\" \/>\n<link rel=\"canonical\" href=\"https:\/\/27dpak.pl\/index.php\/marsz-27-wdp-ak\/\" \/>\n<meta property=\"og:locale\" content=\"pl_PL\" \/>\n<meta property=\"og:type\" content=\"article\" \/>\n<meta property=\"og:title\" content=\"Marsz 27 WDP AK - \u015arodowisko \u017bo\u0142nierzy 27 WDP AK w Hrubieszowie\" \/>\n<meta property=\"og:description\" content=\"27AK, 27wdpak, 27dpak, Wo\u0142y\u0144, Gra\u017cyna Mirska, Hrubiesz\u00f3w, \u015aZ\u017b AK Okr\u0119g Wo\u0142ynski, \u015arodowisko \u017bo\u0142nierzy, 27 WDP AK w Hrubieszowie, \u015aZ\u017b AK Okr\u0119g Wo\u0142y\u0144ski, AK\" \/>\n<meta property=\"og:url\" content=\"https:\/\/27dpak.pl\/index.php\/marsz-27-wdp-ak\/\" \/>\n<meta property=\"og:site_name\" content=\"\u015arodowisko \u017bo\u0142nierzy 27 WDP AK w Hrubieszowie\" \/>\n<meta property=\"article:publisher\" content=\"https:\/\/www.facebook.com\/people\/Z-AK-Okrg-Woynski-rodowisko-onierzy-27-WDP-AK-w-Hrubieszowie\/100070727157302\/?sk=about\" \/>\n<meta property=\"article:modified_time\" content=\"2021-11-04T10:11:21+00:00\" \/>\n<meta name=\"twitter:card\" content=\"summary_large_image\" \/>\n<meta name=\"twitter:label1\" content=\"Szacowany czas czytania\" \/>\n\t<meta name=\"twitter:data1\" content=\"1 minuta\" \/>\n<script type=\"application\/ld+json\" class=\"yoast-schema-graph\">{\"@context\":\"https:\/\/schema.org\",\"@graph\":[{\"@type\":\"WebPage\",\"@id\":\"https:\/\/27dpak.pl\/index.php\/marsz-27-wdp-ak\/\",\"url\":\"https:\/\/27dpak.pl\/index.php\/marsz-27-wdp-ak\/\",\"name\":\"Marsz 27 WDP AK - \u015arodowisko \u017bo\u0142nierzy 27 WDP AK w Hrubieszowie\",\"isPartOf\":{\"@id\":\"https:\/\/27dpak.pl\/#website\"},\"datePublished\":\"2019-11-09T17:13:03+00:00\",\"dateModified\":\"2021-11-04T10:11:21+00:00\",\"description\":\"27AK, 27wdpak, 27dpak, Wo\u0142y\u0144, Gra\u017cyna Mirska, Hrubiesz\u00f3w, \u015aZ\u017b AK Okr\u0119g Wo\u0142ynski, \u015arodowisko \u017bo\u0142nierzy, 27 WDP AK w Hrubieszowie, \u015aZ\u017b AK Okr\u0119g Wo\u0142y\u0144ski, AK\",\"breadcrumb\":{\"@id\":\"https:\/\/27dpak.pl\/index.php\/marsz-27-wdp-ak\/#breadcrumb\"},\"inLanguage\":\"pl-PL\",\"potentialAction\":[{\"@type\":\"ReadAction\",\"target\":[\"https:\/\/27dpak.pl\/index.php\/marsz-27-wdp-ak\/\"]}]},{\"@type\":\"BreadcrumbList\",\"@id\":\"https:\/\/27dpak.pl\/index.php\/marsz-27-wdp-ak\/#breadcrumb\",\"itemListElement\":[{\"@type\":\"ListItem\",\"position\":1,\"name\":\"Strona g\u0142\u00f3wna\",\"item\":\"https:\/\/27dpak.pl\/\"},{\"@type\":\"ListItem\",\"position\":2,\"name\":\"Marsz 27 WDP AK\"}]},{\"@type\":\"WebSite\",\"@id\":\"https:\/\/27dpak.pl\/#website\",\"url\":\"https:\/\/27dpak.pl\/\",\"name\":\"27 WDP AK w Hrubieszowie\",\"description\":\"NIECH PAMI\u0118\u0106 TRWA.....\",\"publisher\":{\"@id\":\"https:\/\/27dpak.pl\/#organization\"},\"potentialAction\":[{\"@type\":\"SearchAction\",\"target\":{\"@type\":\"EntryPoint\",\"urlTemplate\":\"https:\/\/27dpak.pl\/?s={search_term_string}\"},\"query-input\":{\"@type\":\"PropertyValueSpecification\",\"valueRequired\":true,\"valueName\":\"search_term_string\"}}],\"inLanguage\":\"pl-PL\"},{\"@type\":\"Organization\",\"@id\":\"https:\/\/27dpak.pl\/#organization\",\"name\":\"27 WDP AK w Hrubieszowie\",\"url\":\"https:\/\/27dpak.pl\/\",\"logo\":{\"@type\":\"ImageObject\",\"inLanguage\":\"pl-PL\",\"@id\":\"https:\/\/27dpak.pl\/#\/schema\/logo\/image\/\",\"url\":\"https:\/\/27dpak.pl\/wp-content\/uploads\/2021\/11\/27.png\",\"contentUrl\":\"https:\/\/27dpak.pl\/wp-content\/uploads\/2021\/11\/27.png\",\"width\":384,\"height\":388,\"caption\":\"27 WDP AK w Hrubieszowie\"},\"image\":{\"@id\":\"https:\/\/27dpak.pl\/#\/schema\/logo\/image\/\"},\"sameAs\":[\"https:\/\/www.facebook.com\/people\/Z-AK-Okrg-Woynski-rodowisko-onierzy-27-WDP-AK-w-Hrubieszowie\/100070727157302\/?sk=about\"]}]}<\/script>\n<!-- \/ Yoast SEO plugin. -->","yoast_head_json":{"title":"Marsz 27 WDP AK - \u015arodowisko \u017bo\u0142nierzy 27 WDP AK w Hrubieszowie","description":"27AK, 27wdpak, 27dpak, Wo\u0142y\u0144, Gra\u017cyna Mirska, Hrubiesz\u00f3w, \u015aZ\u017b AK Okr\u0119g Wo\u0142ynski, \u015arodowisko \u017bo\u0142nierzy, 27 WDP AK w Hrubieszowie, \u015aZ\u017b AK Okr\u0119g Wo\u0142y\u0144ski, AK","robots":{"index":"index","follow":"follow","max-snippet":"max-snippet:-1","max-image-preview":"max-image-preview:large","max-video-preview":"max-video-preview:-1"},"canonical":"https:\/\/27dpak.pl\/index.php\/marsz-27-wdp-ak\/","og_locale":"pl_PL","og_type":"article","og_title":"Marsz 27 WDP AK - \u015arodowisko \u017bo\u0142nierzy 27 WDP AK w Hrubieszowie","og_description":"27AK, 27wdpak, 27dpak, Wo\u0142y\u0144, Gra\u017cyna Mirska, Hrubiesz\u00f3w, \u015aZ\u017b AK Okr\u0119g Wo\u0142ynski, \u015arodowisko \u017bo\u0142nierzy, 27 WDP AK w Hrubieszowie, \u015aZ\u017b AK Okr\u0119g Wo\u0142y\u0144ski, AK","og_url":"https:\/\/27dpak.pl\/index.php\/marsz-27-wdp-ak\/","og_site_name":"\u015arodowisko \u017bo\u0142nierzy 27 WDP AK w Hrubieszowie","article_publisher":"https:\/\/www.facebook.com\/people\/Z-AK-Okrg-Woynski-rodowisko-onierzy-27-WDP-AK-w-Hrubieszowie\/100070727157302\/?sk=about","article_modified_time":"2021-11-04T10:11:21+00:00","twitter_card":"summary_large_image","twitter_misc":{"Szacowany czas czytania":"1 minuta"},"schema":{"@context":"https:\/\/schema.org","@graph":[{"@type":"WebPage","@id":"https:\/\/27dpak.pl\/index.php\/marsz-27-wdp-ak\/","url":"https:\/\/27dpak.pl\/index.php\/marsz-27-wdp-ak\/","name":"Marsz 27 WDP AK - \u015arodowisko \u017bo\u0142nierzy 27 WDP AK w Hrubieszowie","isPartOf":{"@id":"https:\/\/27dpak.pl\/#website"},"datePublished":"2019-11-09T17:13:03+00:00","dateModified":"2021-11-04T10:11:21+00:00","description":"27AK, 27wdpak, 27dpak, Wo\u0142y\u0144, Gra\u017cyna Mirska, Hrubiesz\u00f3w, \u015aZ\u017b AK Okr\u0119g Wo\u0142ynski, \u015arodowisko \u017bo\u0142nierzy, 27 WDP AK w Hrubieszowie, \u015aZ\u017b AK Okr\u0119g Wo\u0142y\u0144ski, AK","breadcrumb":{"@id":"https:\/\/27dpak.pl\/index.php\/marsz-27-wdp-ak\/#breadcrumb"},"inLanguage":"pl-PL","potentialAction":[{"@type":"ReadAction","target":["https:\/\/27dpak.pl\/index.php\/marsz-27-wdp-ak\/"]}]},{"@type":"BreadcrumbList","@id":"https:\/\/27dpak.pl\/index.php\/marsz-27-wdp-ak\/#breadcrumb","itemListElement":[{"@type":"ListItem","position":1,"name":"Strona g\u0142\u00f3wna","item":"https:\/\/27dpak.pl\/"},{"@type":"ListItem","position":2,"name":"Marsz 27 WDP AK"}]},{"@type":"WebSite","@id":"https:\/\/27dpak.pl\/#website","url":"https:\/\/27dpak.pl\/","name":"27 WDP AK w Hrubieszowie","description":"NIECH PAMI\u0118\u0106 TRWA.....","publisher":{"@id":"https:\/\/27dpak.pl\/#organization"},"potentialAction":[{"@type":"SearchAction","target":{"@type":"EntryPoint","urlTemplate":"https:\/\/27dpak.pl\/?s={search_term_string}"},"query-input":{"@type":"PropertyValueSpecification","valueRequired":true,"valueName":"search_term_string"}}],"inLanguage":"pl-PL"},{"@type":"Organization","@id":"https:\/\/27dpak.pl\/#organization","name":"27 WDP AK w Hrubieszowie","url":"https:\/\/27dpak.pl\/","logo":{"@type":"ImageObject","inLanguage":"pl-PL","@id":"https:\/\/27dpak.pl\/#\/schema\/logo\/image\/","url":"https:\/\/27dpak.pl\/wp-content\/uploads\/2021\/11\/27.png","contentUrl":"https:\/\/27dpak.pl\/wp-content\/uploads\/2021\/11\/27.png","width":384,"height":388,"caption":"27 WDP AK w Hrubieszowie"},"image":{"@id":"https:\/\/27dpak.pl\/#\/schema\/logo\/image\/"},"sameAs":["https:\/\/www.facebook.com\/people\/Z-AK-Okrg-Woynski-rodowisko-onierzy-27-WDP-AK-w-Hrubieszowie\/100070727157302\/?sk=about"]}]}},"_links":{"self":[{"href":"https:\/\/27dpak.pl\/index.php\/wp-json\/wp\/v2\/pages\/62","targetHints":{"allow":["GET"]}}],"collection":[{"href":"https:\/\/27dpak.pl\/index.php\/wp-json\/wp\/v2\/pages"}],"about":[{"href":"https:\/\/27dpak.pl\/index.php\/wp-json\/wp\/v2\/types\/page"}],"author":[{"embeddable":true,"href":"https:\/\/27dpak.pl\/index.php\/wp-json\/wp\/v2\/users\/1"}],"replies":[{"embeddable":true,"href":"https:\/\/27dpak.pl\/index.php\/wp-json\/wp\/v2\/comments?post=62"}],"version-history":[{"count":4,"href":"https:\/\/27dpak.pl\/index.php\/wp-json\/wp\/v2\/pages\/62\/revisions"}],"predecessor-version":[{"id":412,"href":"https:\/\/27dpak.pl\/index.php\/wp-json\/wp\/v2\/pages\/62\/revisions\/412"}],"wp:attachment":[{"href":"https:\/\/27dpak.pl\/index.php\/wp-json\/wp\/v2\/media?parent=62"}],"curies":[{"name":"wp","href":"https:\/\/api.w.org\/{rel}","templated":true}]}}